{"id":294,"date":"2019-04-09T15:21:41","date_gmt":"2019-04-09T13:21:41","guid":{"rendered":"http:\/\/wibo.noveo7.cfolks.pl\/main\/"},"modified":"2026-01-16T15:50:12","modified_gmt":"2026-01-16T14:50:12","slug":"main","status":"publish","type":"page","link":"https:\/\/wibobusiness.com\/en\/","title":{"rendered":"Home"},"content":{"rendered":"","protected":false},"excerpt":{"rendered":"","protected":false},"author":2,"featured_media":0,"parent":0,"menu_order":0,"comment_status":"closed","ping_status":"closed","template":"","meta":{"_acf_changed":false,"inline_featured_image":false,"footnotes":""},"class_list":["post-294","page","type-page","status-publish","hentry"],"acf":[],"yoast_head":"<!-- This site is optimized with the Yoast SEO plugin v27.0 - https:\/\/yoast.com\/product\/yoast-seo-wordpress\/ -->\n<title>Home - WIBO - Od koncepcji do gotowego produktu<\/title>\n<meta name=\"robots\" content=\"index, follow, max-snippet:-1, max-image-preview:large, max-video-preview:-1\" \/>\n<link rel=\"canonical\" href=\"https:\/\/wibobusiness.com\/en\/\" \/>\n<meta property=\"og:locale\" content=\"en_US\" \/>\n<meta property=\"og:type\" content=\"article\" \/>\n<meta property=\"og:title\" content=\"Home - WIBO - Od koncepcji do gotowego produktu\" \/>\n<meta property=\"og:url\" content=\"https:\/\/wibobusiness.com\/en\/\" \/>\n<meta property=\"og:site_name\" content=\"WIBO - Od koncepcji do gotowego produktu\" \/>\n<meta property=\"article:modified_time\" content=\"2026-01-16T14:50:12+00:00\" \/>\n<meta name=\"twitter:card\" content=\"summary_large_image\" \/>\n<script type=\"application\/ld+json\" class=\"yoast-schema-graph\">{\"@context\":\"https:\/\/schema.org\",\"@graph\":[{\"@type\":\"WebPage\",\"@id\":\"https:\/\/wibobusiness.com\/en\/\",\"url\":\"https:\/\/wibobusiness.com\/en\/\",\"name\":\"Home - WIBO - Od koncepcji do gotowego produktu\",\"isPartOf\":{\"@id\":\"https:\/\/wibobusiness.com\/#website\"},\"datePublished\":\"2019-04-09T13:21:41+00:00\",\"dateModified\":\"2026-01-16T14:50:12+00:00\",\"breadcrumb\":{\"@id\":\"https:\/\/wibobusiness.com\/en\/#breadcrumb\"},\"inLanguage\":\"en-US\",\"potentialAction\":[{\"@type\":\"ReadAction\",\"target\":[\"https:\/\/wibobusiness.com\/en\/\"]}]},{\"@type\":\"BreadcrumbList\",\"@id\":\"https:\/\/wibobusiness.com\/en\/#breadcrumb\",\"itemListElement\":[{\"@type\":\"ListItem\",\"position\":1,\"name\":\"Strona g\u0142\u00f3wna\",\"item\":\"https:\/\/wibobusiness.com\/en\/\"},{\"@type\":\"ListItem\",\"position\":2,\"name\":\"Home\"}]},{\"@type\":\"WebSite\",\"@id\":\"https:\/\/wibobusiness.com\/#website\",\"url\":\"https:\/\/wibobusiness.com\/\",\"name\":\"WIBO - Od koncepcji do gotowego produktu\",\"description\":\"Poprowadzimy Twoj\u0105 inwestycj\u0119 kompleksowo, od decyzji o zakupie dzia\u0142ki do uzyskania pozwolenia na budow\u0119.Zapewniamy elastyczno\u015b\u0107, bezpiecze\u0144stwo \\u2028i terminowo\u015b\u0107 w obs\u0142udze portowej.Specjalizujemy si\u0119 w produkcji kosmetyk\u00f3w kolorowych. Za ka\u017cd\u0105 innowacyjn\u0105 formu\u0142\u0105 i ka\u017cdym odwa\u017cnym kolorem stoi ponad 35 lat historii, do\u015bwiadczenia \\u2028i rodzinnych warto\u015bci.\",\"potentialAction\":[{\"@type\":\"SearchAction\",\"target\":{\"@type\":\"EntryPoint\",\"urlTemplate\":\"https:\/\/wibobusiness.com\/?s={search_term_string}\"},\"query-input\":{\"@type\":\"PropertyValueSpecification\",\"valueRequired\":true,\"valueName\":\"search_term_string\"}}],\"inLanguage\":\"en-US\"}]}<\/script>\n<!-- \/ Yoast SEO plugin. -->","yoast_head_json":{"title":"Home - WIBO - Od koncepcji do gotowego produktu","robots":{"index":"index","follow":"follow","max-snippet":"max-snippet:-1","max-image-preview":"max-image-preview:large","max-video-preview":"max-video-preview:-1"},"canonical":"https:\/\/wibobusiness.com\/en\/","og_locale":"en_US","og_type":"article","og_title":"Home - WIBO - Od koncepcji do gotowego produktu","og_url":"https:\/\/wibobusiness.com\/en\/","og_site_name":"WIBO - Od koncepcji do gotowego produktu","article_modified_time":"2026-01-16T14:50:12+00:00","twitter_card":"summary_large_image","schema":{"@context":"https:\/\/schema.org","@graph":[{"@type":"WebPage","@id":"https:\/\/wibobusiness.com\/en\/","url":"https:\/\/wibobusiness.com\/en\/","name":"Home - WIBO - Od koncepcji do gotowego produktu","isPartOf":{"@id":"https:\/\/wibobusiness.com\/#website"},"datePublished":"2019-04-09T13:21:41+00:00","dateModified":"2026-01-16T14:50:12+00:00","breadcrumb":{"@id":"https:\/\/wibobusiness.com\/en\/#breadcrumb"},"inLanguage":"en-US","potentialAction":[{"@type":"ReadAction","target":["https:\/\/wibobusiness.com\/en\/"]}]},{"@type":"BreadcrumbList","@id":"https:\/\/wibobusiness.com\/en\/#breadcrumb","itemListElement":[{"@type":"ListItem","position":1,"name":"Strona g\u0142\u00f3wna","item":"https:\/\/wibobusiness.com\/en\/"},{"@type":"ListItem","position":2,"name":"Home"}]},{"@type":"WebSite","@id":"https:\/\/wibobusiness.com\/#website","url":"https:\/\/wibobusiness.com\/","name":"WIBO - Od koncepcji do gotowego produktu","description":"Poprowadzimy Twoj\u0105 inwestycj\u0119 kompleksowo, od decyzji o zakupie dzia\u0142ki do uzyskania pozwolenia na budow\u0119.Zapewniamy elastyczno\u015b\u0107, bezpiecze\u0144stwo \u2028i terminowo\u015b\u0107 w obs\u0142udze portowej.Specjalizujemy si\u0119 w produkcji kosmetyk\u00f3w kolorowych. Za ka\u017cd\u0105 innowacyjn\u0105 formu\u0142\u0105 i ka\u017cdym odwa\u017cnym kolorem stoi ponad 35 lat historii, do\u015bwiadczenia \u2028i rodzinnych warto\u015bci.","potentialAction":[{"@type":"SearchAction","target":{"@type":"EntryPoint","urlTemplate":"https:\/\/wibobusiness.com\/?s={search_term_string}"},"query-input":{"@type":"PropertyValueSpecification","valueRequired":true,"valueName":"search_term_string"}}],"inLanguage":"en-US"}]}},"_links":{"self":[{"href":"https:\/\/wibobusiness.com\/en\/wp-json\/wp\/v2\/pages\/294","targetHints":{"allow":["GET"]}}],"collection":[{"href":"https:\/\/wibobusiness.com\/en\/wp-json\/wp\/v2\/pages"}],"about":[{"href":"https:\/\/wibobusiness.com\/en\/wp-json\/wp\/v2\/types\/page"}],"author":[{"embeddable":true,"href":"https:\/\/wibobusiness.com\/en\/wp-json\/wp\/v2\/users\/2"}],"replies":[{"embeddable":true,"href":"https:\/\/wibobusiness.com\/en\/wp-json\/wp\/v2\/comments?post=294"}],"version-history":[{"count":29,"href":"https:\/\/wibobusiness.com\/en\/wp-json\/wp\/v2\/pages\/294\/revisions"}],"predecessor-version":[{"id":818,"href":"https:\/\/wibobusiness.com\/en\/wp-json\/wp\/v2\/pages\/294\/revisions\/818"}],"wp:attachment":[{"href":"https:\/\/wibobusiness.com\/en\/wp-json\/wp\/v2\/media?parent=294"}],"curies":[{"name":"wp","href":"https:\/\/api.w.org\/{rel}","templated":true}]}}